{"id":1701,"date":"2024-07-04T09:11:03","date_gmt":"2024-07-04T07:11:03","guid":{"rendered":"https:\/\/walch-recycling.com\/codigo-de-conducta\/"},"modified":"2024-07-10T21:37:23","modified_gmt":"2024-07-10T19:37:23","slug":"codigo-de-conducta","status":"publish","type":"page","link":"https:\/\/walch-recycling.com\/es\/codigo-de-conducta\/","title":{"rendered":"C\u00f3digo de conducta"},"content":{"rendered":"<div class=\"fusion-fullwidth fullwidth-box fusion-builder-row-1 fusion-flex-container has-pattern-background has-mask-background nonhundred-percent-fullwidth non-hundred-percent-height-scrolling\" style=\"--awb-border-radius-top-left:0px;--awb-border-radius-top-right:0px;--awb-border-radius-bottom-right:0px;--awb-border-radius-bottom-left:0px;--awb-margin-top:20px;--awb-flex-wrap:wrap;\" ><div class=\"fusion-builder-row fusion-row fusion-flex-align-items-flex-start fusion-flex-content-wrap\" style=\"max-width:1248px;margin-left: calc(-4% \/ 2 );margin-right: calc(-4% \/ 2 );\"><div class=\"fusion-layout-column fusion_builder_column fusion-builder-column-0 fusion_builder_column_1_1 1_1 fusion-flex-column\" style=\"--awb-bg-size:cover;--awb-width-large:100%;--awb-margin-top-large:0px;--awb-spacing-right-large:1.92%;--awb-margin-bottom-large:20px;--awb-spacing-left-large:1.92%;--awb-width-medium:100%;--awb-order-medium:0;--awb-spacing-right-medium:1.92%;--awb-spacing-left-medium:1.92%;--awb-width-small:100%;--awb-order-small:0;--awb-spacing-right-small:1.92%;--awb-spacing-left-small:1.92%;\"><div class=\"fusion-column-wrapper fusion-column-has-shadow fusion-flex-justify-content-flex-start fusion-content-layout-column\"><div class=\"fusion-text fusion-text-1\"><p style=\"text-align: center;\"><strong>C\u00f3digo de conducta<\/strong> de la empresa Lars Walch GmbH &amp; Co. KG<br \/>-La gesti\u00f3n de residuos, por un futuro sostenible<\/p>\n<\/p>\n<ol>\n<li><strong>  Introducci\u00f3n\/ Pre\u00e1mbulo<\/strong><\/li>\n<\/ol>\n<p>Este C\u00f3digo de Conducta sirve de gu\u00eda y base para nuestras acciones y actividades, y refleja los valores y principios de nuestra empresa con los que estamos comprometidos.  <br \/>Estamos comprometidos con una gobernanza empresarial ecol\u00f3gica y socialmente responsable.  <br \/>Esperamos que nuestros empleados, as\u00ed como nuestros proveedores y socios comerciales, se adhieran a nuestros principios ecol\u00f3gicos, sociales y \u00e9ticos.  <\/p>\n<p>Las siguientes normas constituyen la base para la futura cooperaci\u00f3n entre las partes contratantes, para un c\u00f3digo de conducta conjunto.  <br \/>Los socios contractuales se comprometen a cumplir los principios y requisitos del C\u00f3digo de Conducta y a apoyarse mutuamente en su cumplimiento.  <\/p>\n<p>El presente acuerdo entrar\u00e1 en vigor en el momento de su firma. El incumplimiento de este C\u00f3digo de Conducta puede ser, en \u00faltima instancia, motivo y causa de rescisi\u00f3n de la relaci\u00f3n comercial, incluidos todos los contratos de suministro asociados.  <br \/>En caso de infracciones internas, este comportamiento puede dar lugar a la rescisi\u00f3n de la relaci\u00f3n laboral.<\/p>\n<p>El C\u00f3digo de Conducta se basa en leyes y normativas nacionales como la Ley del Deber de Cuidado de la Cadena de Suministro (LkSG), que estamos obligados a cumplir, as\u00ed como en convenios internacionales como el Pacto Civil y el Pacto Social de la ONU, las Directrices sobre los Derechos del Ni\u00f1o y la Conducta Empresarial, los Principios Rectores sobre las Empresas y los Derechos Humanos de las Naciones Unidas y las Normas Internacionales del Trabajo de la Organizaci\u00f3n Internacional del Trabajo.<\/p>\n<p><strong> <\/strong><\/p>\n<ol start=\"2\">\n<li><strong>  Requisitos para empleados y proveedores<\/strong><\/li>\n<\/ol>\n<p><strong>2.1. Responsabilidad social y cumplimiento de las leyes, normas y reglamentos<\/strong><\/p>\n<p>Los socios comerciales se comprometen a cumplir todas las leyes, normas y reglamentos nacionales e internacionales aplicables y a tomar las medidas adecuadas para garantizar su cumplimiento.<\/p>\n<p><strong>La exclusi\u00f3n del trabajo forzado, la esclavitud, el trabajo infantil y la trata de seres humanos<\/strong><\/p>\n<p>Los socios comerciales cumplir\u00e1n todas las leyes, normas y reglamentos aplicables que proh\u00edban el trabajo forzado, la esclavitud, el trabajo infantil y la trata de seres humanos.<\/p>\n<p>No se puede utilizar trabajo forzado, trabajo esclavo o trabajo comparable. Todo el trabajo debe ser voluntario y sin amenaza de castigo.<br \/>Adem\u00e1s, no debe haber tratos inaceptables a los trabajadores, como penurias psicol\u00f3gicas, acoso sexual y humillaciones.  <br \/>No debe utilizarse mano de obra infantil en ninguna fase de la producci\u00f3n.  <br \/>Se pide a los socios empresariales que cumplan la recomendaci\u00f3n de los convenios de la OIT sobre la edad m\u00ednima para el empleo de menores.<\/p>\n<p><strong> <\/strong><\/p>\n<p><strong>Prohibici\u00f3n de discriminaci\u00f3n<\/strong><\/p>\n<p>No est\u00e1 permitido ning\u00fan tipo de trato desigual a los trabajadores. Esto se aplica, por ejemplo, a la discriminaci\u00f3n basada en el sexo, el origen nacional, \u00e9tnico o social, el color de la piel, la discapacidad, el estado de salud, las convicciones pol\u00edticas, la ideolog\u00eda, la religi\u00f3n, la edad, el embarazo o la orientaci\u00f3n sexual. Se respetan la dignidad personal, la intimidad y los derechos personales de cada individuo.<\/p>\n<p><strong>Salud y seguridad en el trabajo<\/strong><\/p>\n<p>Las medidas de precauci\u00f3n necesarias contra accidentes y da\u00f1os para la salud se toman estableciendo y aplicando sistemas de seguridad laboral adecuados.<\/p>\n<p>Se proporciona equipo de protecci\u00f3n personal. Adem\u00e1s, se informa y forma peri\u00f3dicamente a los empleados sobre las medidas y normas de salud y seguridad aplicables.<\/p>\n<\/p>\n<p><strong>2.2 Responsabilidad ecol\u00f3gica<\/strong><\/p>\n<p>Los socios comerciales cumplen las leyes y normativas de protecci\u00f3n medioambiental aplicables y se comprometen a conservar los recursos y proteger el medio ambiente en la mayor medida posible.<\/p>\n<p>Nos comprometemos a mejorar continuamente nuestros procesos de trabajo y a adaptarlos siempre a las normas medioambientales m\u00e1s recientes.  <\/p>\n<p>Nos esforzamos por utilizar siempre la mejor tecnolog\u00eda disponible para garantizar los mejores resultados posibles de nuestros procesos de trabajo y para la recuperaci\u00f3n de materiales reciclables. Nos comprometemos a impulsar las innovaciones t\u00e9cnicas en este sentido.<\/p>\n<p>Las partes contratantes respetar\u00e1n las prohibiciones de exportaci\u00f3n de residuos peligrosos de conformidad con el Convenio de Basilea en su versi\u00f3n vigente. Los materiales o productos qu\u00edmicos que suponen un riesgo para el medio ambiente cuando se liberan deben manipularse de forma que se garantice la seguridad al manipular, transportar, almacenar, utilizar, reciclar o reutilizar y eliminar estas sustancias.  <\/p>\n<p>La utilizaci\u00f3n y el consumo de recursos, incluidos el agua y la energ\u00eda, deben evitarse o reducirse en la medida de lo posible.<\/p>\n<\/p>\n<p><strong>2.3 Comportamiento empresarial \u00e9tico<\/strong><\/p>\n<p><strong><br \/>Cumplimiento de las leyes antimonopolio, lucha contra la corrupci\u00f3n, prevenci\u00f3n del blanqueo de dinero  <\/strong><\/p>\n<p>Los socios comerciales se comprometen a garantizar que todas las pr\u00e1cticas comerciales sean compatibles con la legislaci\u00f3n antimonopolio y de competencia aplicable.<\/p>\n<p>Deben aplicarse las normas m\u00e1s estrictas de integridad a todas las actividades empresariales. Los socios comerciales deben tener una pol\u00edtica de tolerancia cero sobre la prohibici\u00f3n de todas las formas de soborno, corrupci\u00f3n, extorsi\u00f3n y malversaci\u00f3n. Se aplicar\u00e1n procedimientos de control y aplicaci\u00f3n de las normas para garantizar el cumplimiento de las leyes anticorrupci\u00f3n.<\/p>\n<p>Debe observarse el cumplimiento de todas las leyes aplicables para evitar el blanqueo de dinero.<\/p>\n<p><strong>Confidencialidad y protecci\u00f3n de datos<\/strong><\/p>\n<p>Los socios comerciales se comprometen a cumplir las expectativas razonables de los clientes, proveedores, clientes y empleados con respecto a la protecci\u00f3n de la informaci\u00f3n privada. Los socios comerciales deben cumplir las leyes sobre protecci\u00f3n de datos y seguridad de la informaci\u00f3n y las normativas oficiales al recopilar, almacenar, procesar, transmitir y pasar informaci\u00f3n personal.<\/p>\n<p><strong>Tratamiento de materiales conflictivos<\/strong><\/p>\n<p>Los socios comerciales conocen las disposiciones legales aplicables a los minerales conflictivos esta\u00f1o, wolframio, tantalio, cobalto y oro procedentes de zonas de conflicto y de alto riesgo, y cumplen la obligaci\u00f3n de diligencia debida para promover cadenas de suministro responsables de acuerdo con las directrices de la OCDE (Organizaci\u00f3n para la Cooperaci\u00f3n y el Desarrollo Econ\u00f3mico).<\/p>\n<\/p>\n<p><strong>3 Aplicaci\u00f3n y cumplimiento del C\u00f3digo de Conducta<\/strong><\/p>\n<p>Consideramos que las disposiciones de este C\u00f3digo de Conducta son la base de la relaci\u00f3n comercial entre las partes contratantes. El cumplimiento de las disposiciones aqu\u00ed establecidas se considera esencial e indispensable, as\u00ed lo reconoce el socio comercial y se considera acordado en el momento de la firma.<\/p>\n<p>Si se descubre que el socio comercial incumple sustancialmente las disposiciones de este C\u00f3digo de Conducta, nos reservamos el derecho a poner fin a la relaci\u00f3n comercial, con sujeci\u00f3n a las leyes aplicables, y a cancelar todos los contratos. El derecho legal a la cancelaci\u00f3n extraordinaria sin fijar un periodo de gracia, en particular en caso de infracciones muy graves, no se ve afectado, al igual que el derecho a indemnizaci\u00f3n.<\/p>\n<\/p>\n<p><strong> <\/strong><\/p>\n<p><strong> <\/strong><\/p>\n<p><strong> <\/strong><\/p>\n<p><strong> <\/strong><\/p>\n<p><strong> <\/strong><\/p><\/p>\n<\/div><\/div><\/div><\/div><\/div>\n","protected":false},"excerpt":{"rendered":"","protected":false},"author":1,"featured_media":0,"parent":0,"menu_order":0,"comment_status":"closed","ping_status":"closed","template":"100-width.php","meta":{"footnotes":""},"class_list":["post-1701","page","type-page","status-publish","hentry"],"yoast_head":"<!-- This site is optimized with the Yoast SEO plugin v26.7 - https:\/\/yoast.com\/wordpress\/plugins\/seo\/ -->\n<title>C\u00f3digo de conducta | WALCH Recycling<\/title>\n<meta name=\"robots\" content=\"index, follow, max-snippet:-1, max-image-preview:large, max-video-preview:-1\" \/>\n<link rel=\"canonical\" href=\"https:\/\/walch-recycling.com\/es\/codigo-de-conducta\/\" \/>\n<meta property=\"og:locale\" content=\"es_ES\" \/>\n<meta property=\"og:type\" content=\"article\" \/>\n<meta property=\"og:title\" content=\"C\u00f3digo de conducta | WALCH Recycling\" \/>\n<meta property=\"og:url\" content=\"https:\/\/walch-recycling.com\/es\/codigo-de-conducta\/\" \/>\n<meta property=\"og:site_name\" content=\"WALCH Recycling\" \/>\n<meta property=\"article:modified_time\" content=\"2024-07-10T19:37:23+00:00\" \/>\n<meta property=\"og:image\" content=\"https:\/\/walch-recycling.com\/wp-content\/uploads\/2024\/04\/walch-recycling-familienbetrieb.jpg\" \/>\n\t<meta property=\"og:image:width\" content=\"1200\" \/>\n\t<meta property=\"og:image:height\" content=\"801\" \/>\n\t<meta property=\"og:image:type\" content=\"image\/jpeg\" \/>\n<meta name=\"twitter:card\" content=\"summary_large_image\" \/>\n<meta name=\"twitter:label1\" content=\"Tiempo de lectura\" \/>\n\t<meta name=\"twitter:data1\" content=\"11 minutos\" \/>\n<script type=\"application\/ld+json\" class=\"yoast-schema-graph\">{\"@context\":\"https:\/\/schema.org\",\"@graph\":[{\"@type\":\"WebPage\",\"@id\":\"https:\/\/walch-recycling.com\/es\/codigo-de-conducta\/\",\"url\":\"https:\/\/walch-recycling.com\/es\/codigo-de-conducta\/\",\"name\":\"C\u00f3digo de conducta | WALCH Recycling\",\"isPartOf\":{\"@id\":\"https:\/\/walch-recycling.com\/#website\"},\"datePublished\":\"2024-07-04T07:11:03+00:00\",\"dateModified\":\"2024-07-10T19:37:23+00:00\",\"breadcrumb\":{\"@id\":\"https:\/\/walch-recycling.com\/es\/codigo-de-conducta\/#breadcrumb\"},\"inLanguage\":\"es\",\"potentialAction\":[{\"@type\":\"ReadAction\",\"target\":[\"https:\/\/walch-recycling.com\/es\/codigo-de-conducta\/\"]}]},{\"@type\":\"BreadcrumbList\",\"@id\":\"https:\/\/walch-recycling.com\/es\/codigo-de-conducta\/#breadcrumb\",\"itemListElement\":[{\"@type\":\"ListItem\",\"position\":1,\"name\":\"Startseite\",\"item\":\"https:\/\/walch-recycling.com\/es\/\"},{\"@type\":\"ListItem\",\"position\":2,\"name\":\"C\u00f3digo de conducta\"}]},{\"@type\":\"WebSite\",\"@id\":\"https:\/\/walch-recycling.com\/#website\",\"url\":\"https:\/\/walch-recycling.com\/\",\"name\":\"WALCH Recycling\",\"description\":\"\",\"publisher\":{\"@id\":\"https:\/\/walch-recycling.com\/#organization\"},\"potentialAction\":[{\"@type\":\"SearchAction\",\"target\":{\"@type\":\"EntryPoint\",\"urlTemplate\":\"https:\/\/walch-recycling.com\/?s={search_term_string}\"},\"query-input\":{\"@type\":\"PropertyValueSpecification\",\"valueRequired\":true,\"valueName\":\"search_term_string\"}}],\"inLanguage\":\"es\"},{\"@type\":\"Organization\",\"@id\":\"https:\/\/walch-recycling.com\/#organization\",\"name\":\"Lars Walch GmbH & Co. KG\",\"url\":\"https:\/\/walch-recycling.com\/\",\"logo\":{\"@type\":\"ImageObject\",\"inLanguage\":\"es\",\"@id\":\"https:\/\/walch-recycling.com\/#\/schema\/logo\/image\/\",\"url\":\"https:\/\/walch-recycling.com\/wp-content\/uploads\/2024\/05\/walch-recycling-logo_sm.svg\",\"contentUrl\":\"https:\/\/walch-recycling.com\/wp-content\/uploads\/2024\/05\/walch-recycling-logo_sm.svg\",\"width\":91,\"height\":66,\"caption\":\"Lars Walch GmbH & Co. KG\"},\"image\":{\"@id\":\"https:\/\/walch-recycling.com\/#\/schema\/logo\/image\/\"},\"sameAs\":[\"https:\/\/www.linkedin.com\/company\/walchrecycling\/\",\"https:\/\/www.youtube.com\/channel\/UCy6VNhi3OHnjeClBw2_juVQ\"]}]}<\/script>\n<!-- \/ Yoast SEO plugin. -->","yoast_head_json":{"title":"C\u00f3digo de conducta | WALCH Recycling","robots":{"index":"index","follow":"follow","max-snippet":"max-snippet:-1","max-image-preview":"max-image-preview:large","max-video-preview":"max-video-preview:-1"},"canonical":"https:\/\/walch-recycling.com\/es\/codigo-de-conducta\/","og_locale":"es_ES","og_type":"article","og_title":"C\u00f3digo de conducta | WALCH Recycling","og_url":"https:\/\/walch-recycling.com\/es\/codigo-de-conducta\/","og_site_name":"WALCH Recycling","article_modified_time":"2024-07-10T19:37:23+00:00","og_image":[{"width":1200,"height":801,"url":"https:\/\/walch-recycling.com\/wp-content\/uploads\/2024\/04\/walch-recycling-familienbetrieb.jpg","type":"image\/jpeg"}],"twitter_card":"summary_large_image","twitter_misc":{"Tiempo de lectura":"11 minutos"},"schema":{"@context":"https:\/\/schema.org","@graph":[{"@type":"WebPage","@id":"https:\/\/walch-recycling.com\/es\/codigo-de-conducta\/","url":"https:\/\/walch-recycling.com\/es\/codigo-de-conducta\/","name":"C\u00f3digo de conducta | WALCH Recycling","isPartOf":{"@id":"https:\/\/walch-recycling.com\/#website"},"datePublished":"2024-07-04T07:11:03+00:00","dateModified":"2024-07-10T19:37:23+00:00","breadcrumb":{"@id":"https:\/\/walch-recycling.com\/es\/codigo-de-conducta\/#breadcrumb"},"inLanguage":"es","potentialAction":[{"@type":"ReadAction","target":["https:\/\/walch-recycling.com\/es\/codigo-de-conducta\/"]}]},{"@type":"BreadcrumbList","@id":"https:\/\/walch-recycling.com\/es\/codigo-de-conducta\/#breadcrumb","itemListElement":[{"@type":"ListItem","position":1,"name":"Startseite","item":"https:\/\/walch-recycling.com\/es\/"},{"@type":"ListItem","position":2,"name":"C\u00f3digo de conducta"}]},{"@type":"WebSite","@id":"https:\/\/walch-recycling.com\/#website","url":"https:\/\/walch-recycling.com\/","name":"WALCH Recycling","description":"","publisher":{"@id":"https:\/\/walch-recycling.com\/#organization"},"potentialAction":[{"@type":"SearchAction","target":{"@type":"EntryPoint","urlTemplate":"https:\/\/walch-recycling.com\/?s={search_term_string}"},"query-input":{"@type":"PropertyValueSpecification","valueRequired":true,"valueName":"search_term_string"}}],"inLanguage":"es"},{"@type":"Organization","@id":"https:\/\/walch-recycling.com\/#organization","name":"Lars Walch GmbH & Co. KG","url":"https:\/\/walch-recycling.com\/","logo":{"@type":"ImageObject","inLanguage":"es","@id":"https:\/\/walch-recycling.com\/#\/schema\/logo\/image\/","url":"https:\/\/walch-recycling.com\/wp-content\/uploads\/2024\/05\/walch-recycling-logo_sm.svg","contentUrl":"https:\/\/walch-recycling.com\/wp-content\/uploads\/2024\/05\/walch-recycling-logo_sm.svg","width":91,"height":66,"caption":"Lars Walch GmbH & Co. KG"},"image":{"@id":"https:\/\/walch-recycling.com\/#\/schema\/logo\/image\/"},"sameAs":["https:\/\/www.linkedin.com\/company\/walchrecycling\/","https:\/\/www.youtube.com\/channel\/UCy6VNhi3OHnjeClBw2_juVQ"]}]}},"_links":{"self":[{"href":"https:\/\/walch-recycling.com\/es\/wp-json\/wp\/v2\/pages\/1701","targetHints":{"allow":["GET"]}}],"collection":[{"href":"https:\/\/walch-recycling.com\/es\/wp-json\/wp\/v2\/pages"}],"about":[{"href":"https:\/\/walch-recycling.com\/es\/wp-json\/wp\/v2\/types\/page"}],"author":[{"embeddable":true,"href":"https:\/\/walch-recycling.com\/es\/wp-json\/wp\/v2\/users\/1"}],"replies":[{"embeddable":true,"href":"https:\/\/walch-recycling.com\/es\/wp-json\/wp\/v2\/comments?post=1701"}],"version-history":[{"count":1,"href":"https:\/\/walch-recycling.com\/es\/wp-json\/wp\/v2\/pages\/1701\/revisions"}],"predecessor-version":[{"id":1705,"href":"https:\/\/walch-recycling.com\/es\/wp-json\/wp\/v2\/pages\/1701\/revisions\/1705"}],"wp:attachment":[{"href":"https:\/\/walch-recycling.com\/es\/wp-json\/wp\/v2\/media?parent=1701"}],"curies":[{"name":"wp","href":"https:\/\/api.w.org\/{rel}","templated":true}]}}