{"id":1640,"date":"2024-07-03T15:51:44","date_gmt":"2024-07-03T13:51:44","guid":{"rendered":"https:\/\/walch-recycling.com\/blog\/"},"modified":"2024-07-29T09:31:52","modified_gmt":"2024-07-29T07:31:52","slug":"blog","status":"publish","type":"page","link":"https:\/\/walch-recycling.com\/fr\/blog\/","title":{"rendered":"Blog"},"content":{"rendered":"<p><div class=\"fusion-fullwidth fullwidth-box fusion-builder-row-1 fusion-flex-container has-pattern-background has-mask-background fusion-parallax-none nonhundred-percent-fullwidth non-hundred-percent-height-scrolling\" style=\"--awb-background-position:center top;--awb-border-radius-top-left:0px;--awb-border-radius-top-right:0px;--awb-border-radius-bottom-right:0px;--awb-border-radius-bottom-left:0px;--awb-min-height:500px;--awb-background-color:hsla(var(--awb-color5-h),var(--awb-color5-s),var(--awb-color5-l),calc(var(--awb-color5-a) - 50%));--awb-background-image:linear-gradient(180deg, hsla(var(--awb-color5-h),var(--awb-color5-s),var(--awb-color5-l),calc(var(--awb-color5-a) - 60%)) 0%,hsla(var(--awb-color5-h),var(--awb-color5-s),var(--awb-color5-l),calc(var(--awb-color5-a) - 60%)) 100%),url(https:\/\/walch-recycling.com\/wp-content\/uploads\/2024\/07\/working-at-home-with-computer-woman-writing-a-blo-2023-11-27-05-16-34-utc-scaled.jpg);;--awb-background-size:cover;--awb-flex-wrap:wrap;\" ><div class=\"fusion-builder-row fusion-row fusion-flex-align-items-flex-start fusion-flex-align-content-center fusion-flex-justify-content-center fusion-flex-content-wrap\" style=\"max-width:1248px;margin-left: calc(-4% \/ 2 );margin-right: calc(-4% \/ 2 );\"><div class=\"fusion-layout-column fusion_builder_column fusion-builder-column-0 fusion_builder_column_2_3 2_3 fusion-flex-column\" style=\"--awb-padding-top:90px;--awb-padding-bottom:90px;--awb-overflow:hidden;--awb-bg-color:hsla(var(--awb-color1-h),var(--awb-color1-s),var(--awb-color1-l),calc(var(--awb-color1-a) - 30%));--awb-bg-color-hover:hsla(var(--awb-color1-h),var(--awb-color1-s),var(--awb-color1-l),calc(var(--awb-color1-a) - 30%));--awb-bg-size:cover;--awb-border-radius:8px 8px 8px 8px;--awb-width-large:66.666666666667%;--awb-margin-top-large:23px;--awb-spacing-right-large:2.88%;--awb-margin-bottom-large:20px;--awb-spacing-left-large:2.88%;--awb-width-medium:66.666666666667%;--awb-order-medium:0;--awb-spacing-right-medium:2.88%;--awb-spacing-left-medium:2.88%;--awb-width-small:100%;--awb-order-small:0;--awb-spacing-right-small:1.92%;--awb-spacing-left-small:1.92%;\"><div class=\"fusion-column-wrapper fusion-column-has-shadow fusion-flex-justify-content-flex-start fusion-content-layout-column\"><div class=\"fusion-title title fusion-title-1 fusion-sep-none fusion-title-center fusion-title-text fusion-title-size-one\" style=\"--awb-text-color:var(--awb-color5);--awb-margin-top:0px;--awb-margin-bottom:0px;--awb-font-size:34px;\"><h1 class=\"fusion-title-heading title-heading-center\" style=\"margin:0;text-transform:uppercase;font-size:1em;line-height:1;\">Blog<\/h1><\/div><\/div><\/div><\/div><\/div><div class=\"fusion-fullwidth fullwidth-box fusion-builder-row-2 fusion-flex-container has-pattern-background has-mask-background nonhundred-percent-fullwidth non-hundred-percent-height-scrolling\" style=\"--awb-border-radius-top-left:0px;--awb-border-radius-top-right:0px;--awb-border-radius-bottom-right:0px;--awb-border-radius-bottom-left:0px;--awb-padding-top:118px;--awb-padding-bottom:50px;--awb-background-color:var(--awb-color3);--awb-flex-wrap:wrap;\" ><div class=\"fusion-builder-row fusion-row fusion-flex-align-items-flex-start fusion-flex-content-wrap\" style=\"max-width:1248px;margin-left: calc(-4% \/ 2 );margin-right: calc(-4% \/ 2 );\"><div class=\"fusion-layout-column fusion_builder_column fusion-builder-column-1 fusion_builder_column_1_1 1_1 fusion-flex-column\" style=\"--awb-bg-size:cover;--awb-width-large:100%;--awb-margin-top-large:0px;--awb-spacing-right-large:1.92%;--awb-margin-bottom-large:20px;--awb-spacing-left-large:1.92%;--awb-width-medium:100%;--awb-order-medium:0;--awb-spacing-right-medium:1.92%;--awb-spacing-left-medium:1.92%;--awb-width-small:100%;--awb-order-small:0;--awb-spacing-right-small:1.92%;--awb-spacing-left-small:1.92%;\"><div class=\"fusion-column-wrapper fusion-column-has-shadow fusion-flex-justify-content-flex-start fusion-content-layout-column\"><div class=\"fusion-title title fusion-title-2 fusion-sep-none fusion-title-center fusion-title-text fusion-title-size-two\" style=\"--awb-font-size:20px;\"><h2 class=\"fusion-title-heading title-heading-center\" style=\"margin:0;font-size:1em;\">Actualit\u00e9s<\/h2><\/div><\/div><\/div><div class=\"fusion-layout-column fusion_builder_column fusion-builder-column-2 fusion_builder_column_1_1 1_1 fusion-flex-column\" style=\"--awb-bg-size:cover;--awb-width-large:100%;--awb-margin-top-large:0px;--awb-spacing-right-large:1.92%;--awb-margin-bottom-large:20px;--awb-spacing-left-large:1.92%;--awb-width-medium:100%;--awb-order-medium:0;--awb-spacing-right-medium:1.92%;--awb-spacing-left-medium:1.92%;--awb-width-small:100%;--awb-order-small:0;--awb-spacing-right-small:1.92%;--awb-spacing-left-small:1.92%;\"><div class=\"fusion-column-wrapper fusion-column-has-shadow fusion-flex-justify-content-flex-start fusion-content-layout-column\"><div class=\"fusion-post-cards fusion-post-cards-1 fusion-grid-archive fusion-grid-columns-3\" style=\"--awb-column-spacing:20px;--awb-dots-align:center;--awb-columns:3;--awb-active-filter-border-size:3px;--awb-filters-height:36px;\"><ul class=\"fusion-grid fusion-grid-3 fusion-flex-align-items-flex-start fusion-grid-posts-cards\"><li class=\"fusion-layout-column fusion_builder_column fusion-builder-column-3 fusion-flex-column fusion-column-inner-bg-wrapper post-card fusion-grid-column fusion-post-cards-grid-column\" style=\"--awb-overflow:hidden;--awb-inner-bg-color:var(--awb-color1);--awb-inner-bg-color-hover:var(--awb-color1);--awb-inner-bg-size:cover;--awb-box-shadow:0px 32px 52px -24px hsla(var(--awb-color8-h),var(--awb-color8-s),var(--awb-color8-l),calc(var(--awb-color8-a) - 92%));;--awb-border-radius:5px 5px 5px 5px;--awb-inner-bg-border-radius:5px 5px 5px 5px;--awb-inner-bg-overflow:hidden;--awb-flex-grow:0;--awb-flex-shrink:0;--awb-flex-grow-medium:0;--awb-flex-shrink-medium:0;--awb-flex-grow-small:0;--awb-flex-shrink-small:0;\"><span class=\"fusion-column-inner-bg hover-type-none\"><a class=\"fusion-column-anchor\" href=\"https:\/\/walch-recycling.com\/fr\/lelimination-des-dechets-est-notre-competence\/\"><span class=\"fusion-column-inner-bg-image\"><\/span><\/a><\/span><div class=\"fusion-column-wrapper fusion-column-has-shadow fusion-flex-justify-content-flex-start fusion-content-layout-column\"><div class=\"fusion-classic-product-image-wrapper fusion-woo-product-image fusion-post-card-image fusion-post-card-image-1 has-aspect-ratio\" data-layout=\"static\" style=\"--awb-margin-top:0px;--awb-margin-right:0px;--awb-margin-bottom:30px;--awb-margin-left:0px;--awb-border-radius-top-left:5px;--awb-border-radius-top-right:5px;--awb-border-radius-bottom-right:0px;--awb-border-radius-bottom-left:0px;--awb-aspect-ratio:1.5873015873016;\"><div  class=\"fusion-image-wrapper\" aria-haspopup=\"true\">\n\t\t\t\t\t\t\t<a href=\"https:\/\/walch-recycling.com\/fr\/lelimination-des-dechets-est-notre-competence\/\" aria-label=\"L&rsquo;\u00e9limination des d\u00e9chets est notre comp\u00e9tence !\">\n\t\t\t\t\t\t\t<img decoding=\"async\" width=\"1500\" height=\"967\" src=\"https:\/\/walch-recycling.com\/wp-content\/uploads\/2024\/07\/shutterstock_115323511.jpg\" class=\"attachment-full size-full wp-post-image\" alt=\"Windraeder gespiegelt\" srcset=\"https:\/\/walch-recycling.com\/wp-content\/uploads\/2024\/07\/shutterstock_115323511-200x129.jpg 200w, https:\/\/walch-recycling.com\/wp-content\/uploads\/2024\/07\/shutterstock_115323511-400x258.jpg 400w, https:\/\/walch-recycling.com\/wp-content\/uploads\/2024\/07\/shutterstock_115323511-600x387.jpg 600w, https:\/\/walch-recycling.com\/wp-content\/uploads\/2024\/07\/shutterstock_115323511-800x516.jpg 800w, https:\/\/walch-recycling.com\/wp-content\/uploads\/2024\/07\/shutterstock_115323511-1200x774.jpg 1200w, https:\/\/walch-recycling.com\/wp-content\/uploads\/2024\/07\/shutterstock_115323511.jpg 1500w\" sizes=\"(min-width: 2200px) 100vw, (min-width: 784px) 387px, (min-width: 712px) 580px, (min-width: 640px) 712px, \" \/>\t\t\t<\/a>\n\t\t\t\t\t\t\t<\/div>\n<\/div><div class=\"fusion-title title fusion-title-3 fusion-sep-none fusion-title-text fusion-title-size-four\" style=\"--awb-text-color:var(--awb-color8);--awb-margin-top:20px;--awb-margin-right:30px;--awb-margin-bottom:10px;--awb-margin-left:20px;--awb-margin-top-small:4px;--awb-margin-right-small:20px;--awb-margin-bottom-small:16px;--awb-margin-left-small:20px;--awb-link-hover-color:hsla(var(--awb-color5-h),var(--awb-color5-s),calc(var(--awb-color5-l) - 15%),var(--awb-color5-a));--awb-font-size:20px;\"><h4 class=\"fusion-title-heading title-heading-left fusion-responsive-typography-calculated\" style=\"margin:0;font-size:1em;--fontSize:20;--minFontSize:20;line-height:var(--awb-typography1-line-height);\"><a href=\"https:\/\/walch-recycling.com\/fr\/lelimination-des-dechets-est-notre-competence\/\" class=\"awb-custom-text-color awb-custom-text-hover-color\" target=\"_self\">L&rsquo;\u00e9limination des d\u00e9chets est notre comp\u00e9tence !<\/a><\/h4><\/div><div class=\"fusion-text fusion-text-1\" style=\"--awb-margin-left:20px;\"><p>Les ressources de notre plan\u00e8te sont limit\u00e9es. C'est dans cet \u00e9tat d'esprit que nous agissons au quotidien chez Walch Recycling. Nous recyclons et \u00e9liminons les d\u00e9chets \u00e9lectroniques, les \u00e9quipements m\u00e9dicaux, les pi\u00e8ces d'\u00e9oliennes et de panneaux solaires ainsi que les \u00e9quipements industriels. Nous en extrayons les mat\u00e9riaux recyclables qu'ils contiennent et les r\u00e9introduisons dans le cycle \u00e9conomique.<\/p>\n<\/div><div class=\"fusion-separator fusion-full-width-sep\" style=\"align-self: center;margin-left: auto;margin-right: auto;flex-grow:1;width:100%;\"><\/div><div class=\"fusion-builder-row fusion-builder-row-inner fusion-row fusion-flex-align-items-flex-start fusion-flex-content-wrap\" style=\"width:104% !important;max-width:104% !important;margin-left: calc(-4% \/ 2 );margin-right: calc(-4% \/ 2 );\"><div class=\"fusion-layout-column fusion_builder_column_inner fusion-builder-nested-column-0 fusion_builder_column_inner_2_5 2_5 fusion-flex-column\" style=\"--awb-padding-top:24px;--awb-padding-right:00px;--awb-padding-bottom:30px;--awb-padding-left:20px;--awb-padding-top-medium:24px;--awb-padding-right-medium:24px;--awb-padding-bottom-medium:24px;--awb-padding-left-medium:24px;--awb-padding-top-small:20px;--awb-padding-bottom-small:20px;--awb-overflow:hidden;--awb-bg-color:var(--awb-color1);--awb-bg-color-hover:var(--awb-color1);--awb-bg-size:cover;--awb-border-radius:0px 0px 5px 5px;--awb-width-large:40%;--awb-margin-top-large:0px;--awb-spacing-right-large:4.8%;--awb-margin-bottom-large:0px;--awb-spacing-left-large:4.8%;--awb-width-medium:40%;--awb-order-medium:0;--awb-spacing-right-medium:4.8%;--awb-spacing-left-medium:4.8%;--awb-width-small:40%;--awb-order-small:0;--awb-spacing-right-small:4.8%;--awb-spacing-left-small:4.8%;\"><div class=\"fusion-column-wrapper fusion-column-has-shadow fusion-flex-justify-content-flex-start fusion-content-layout-row\"><i class=\"fb-icon-element-1 fb-icon-element fontawesome-icon walchblankoiconsnoun-calender-6558073-000D16 circle-no fusion-text-flow\" style=\"--awb-iconcolor:var(--awb-color5);--awb-iconcolor-hover:var(--awb-color5);--awb-font-size:24px;--awb-margin-right:12px;--awb-sm-align-self:flex-start;\"><\/i><div class=\"fusion-text fusion-text-2 fusion-text-no-margin\" style=\"--awb-font-size:16px;--awb-line-height:var(--awb-typography4-line-height);--awb-letter-spacing:var(--awb-typography4-letter-spacing);--awb-text-transform:var(--awb-typography4-text-transform);--awb-text-color:var(--awb-color8);--awb-margin-bottom:0px;--awb-text-font-family:var(--awb-typography4-font-family);--awb-text-font-weight:var(--awb-typography4-font-weight);--awb-text-font-style:var(--awb-typography4-font-style);\"><p>03.07.2024<\/p>\n<\/div><\/div><\/div><div class=\"fusion-layout-column fusion_builder_column_inner fusion-builder-nested-column-1 fusion_builder_column_inner_3_5 3_5 fusion-flex-column\" style=\"--awb-padding-top:24px;--awb-padding-right:00px;--awb-padding-bottom:30px;--awb-padding-left:00px;--awb-padding-top-medium:24px;--awb-padding-right-medium:24px;--awb-padding-bottom-medium:24px;--awb-padding-left-medium:24px;--awb-padding-top-small:20px;--awb-padding-bottom-small:20px;--awb-overflow:hidden;--awb-bg-color:var(--awb-color1);--awb-bg-color-hover:var(--awb-color1);--awb-bg-size:cover;--awb-border-radius:0px 0px 5px 5px;--awb-width-large:60%;--awb-margin-top-large:0px;--awb-spacing-right-large:3.2%;--awb-margin-bottom-large:0px;--awb-spacing-left-large:3.2%;--awb-width-medium:60%;--awb-order-medium:0;--awb-spacing-right-medium:3.2%;--awb-spacing-left-medium:3.2%;--awb-width-small:60%;--awb-order-small:1;--awb-spacing-right-small:3.2%;--awb-spacing-left-small:3.2%;\"><div class=\"fusion-column-wrapper fusion-column-has-shadow fusion-flex-justify-content-flex-start fusion-content-layout-row\"><i class=\"fb-icon-element-2 fb-icon-element fontawesome-icon fa-user fas circle-no fusion-text-flow\" style=\"--awb-iconcolor:var(--awb-color5);--awb-iconcolor-hover:var(--awb-color5);--awb-font-size:24px;--awb-margin-right:12px;--awb-sm-align-self:flex-start;\"><\/i><div class=\"fusion-text fusion-text-3 fusion-text-no-margin\" style=\"--awb-font-size:var(--awb-typography4-font-size);--awb-line-height:var(--awb-typography4-line-height);--awb-letter-spacing:var(--awb-typography4-letter-spacing);--awb-text-transform:var(--awb-typography4-text-transform);--awb-text-color:var(--awb-color8);--awb-margin-bottom:0px;--awb-text-font-family:var(--awb-typography4-font-family);--awb-text-font-weight:var(--awb-typography4-font-weight);--awb-text-font-style:var(--awb-typography4-font-style);\"><p>David Schiemann<\/p>\n<\/div><\/div><\/div><\/div><\/div><\/li>\n<\/ul><\/div><\/div><\/div><\/div><\/div><\/p>\n","protected":false},"excerpt":{"rendered":"","protected":false},"author":1,"featured_media":0,"parent":0,"menu_order":0,"comment_status":"closed","ping_status":"closed","template":"100-width.php","meta":{"footnotes":""},"class_list":["post-1640","page","type-page","status-publish","hentry"],"yoast_head":"<!-- This site is optimized with the Yoast SEO plugin v26.7 - https:\/\/yoast.com\/wordpress\/plugins\/seo\/ -->\n<title>Blog | WALCH Recycling<\/title>\n<meta name=\"robots\" content=\"index, follow, max-snippet:-1, max-image-preview:large, max-video-preview:-1\" \/>\n<link rel=\"canonical\" href=\"https:\/\/walch-recycling.com\/fr\/blog\/\" \/>\n<meta property=\"og:locale\" content=\"fr_FR\" \/>\n<meta property=\"og:type\" content=\"article\" \/>\n<meta property=\"og:title\" content=\"Blog | WALCH Recycling\" \/>\n<meta property=\"og:url\" content=\"https:\/\/walch-recycling.com\/fr\/blog\/\" \/>\n<meta property=\"og:site_name\" content=\"WALCH Recycling\" \/>\n<meta property=\"article:modified_time\" content=\"2024-07-29T07:31:52+00:00\" \/>\n<meta property=\"og:image\" content=\"https:\/\/walch-recycling.com\/wp-content\/uploads\/2024\/04\/walch-recycling-familienbetrieb.jpg\" \/>\n\t<meta property=\"og:image:width\" content=\"1200\" \/>\n\t<meta property=\"og:image:height\" content=\"801\" \/>\n\t<meta property=\"og:image:type\" content=\"image\/jpeg\" \/>\n<meta name=\"twitter:card\" content=\"summary_large_image\" \/>\n<meta name=\"twitter:label1\" content=\"Dur\u00e9e de lecture estim\u00e9e\" \/>\n\t<meta name=\"twitter:data1\" content=\"9 minutes\" \/>\n<script type=\"application\/ld+json\" class=\"yoast-schema-graph\">{\"@context\":\"https:\/\/schema.org\",\"@graph\":[{\"@type\":\"WebPage\",\"@id\":\"https:\/\/walch-recycling.com\/fr\/blog\/\",\"url\":\"https:\/\/walch-recycling.com\/fr\/blog\/\",\"name\":\"Blog | WALCH Recycling\",\"isPartOf\":{\"@id\":\"https:\/\/walch-recycling.com\/#website\"},\"datePublished\":\"2024-07-03T13:51:44+00:00\",\"dateModified\":\"2024-07-29T07:31:52+00:00\",\"breadcrumb\":{\"@id\":\"https:\/\/walch-recycling.com\/fr\/blog\/#breadcrumb\"},\"inLanguage\":\"fr-FR\",\"potentialAction\":[{\"@type\":\"ReadAction\",\"target\":[\"https:\/\/walch-recycling.com\/fr\/blog\/\"]}]},{\"@type\":\"BreadcrumbList\",\"@id\":\"https:\/\/walch-recycling.com\/fr\/blog\/#breadcrumb\",\"itemListElement\":[{\"@type\":\"ListItem\",\"position\":1,\"name\":\"Startseite\",\"item\":\"https:\/\/walch-recycling.com\/fr\/\"},{\"@type\":\"ListItem\",\"position\":2,\"name\":\"Blog\"}]},{\"@type\":\"WebSite\",\"@id\":\"https:\/\/walch-recycling.com\/#website\",\"url\":\"https:\/\/walch-recycling.com\/\",\"name\":\"WALCH Recycling\",\"description\":\"\",\"publisher\":{\"@id\":\"https:\/\/walch-recycling.com\/#organization\"},\"potentialAction\":[{\"@type\":\"SearchAction\",\"target\":{\"@type\":\"EntryPoint\",\"urlTemplate\":\"https:\/\/walch-recycling.com\/?s={search_term_string}\"},\"query-input\":{\"@type\":\"PropertyValueSpecification\",\"valueRequired\":true,\"valueName\":\"search_term_string\"}}],\"inLanguage\":\"fr-FR\"},{\"@type\":\"Organization\",\"@id\":\"https:\/\/walch-recycling.com\/#organization\",\"name\":\"Lars Walch GmbH & Co. KG\",\"url\":\"https:\/\/walch-recycling.com\/\",\"logo\":{\"@type\":\"ImageObject\",\"inLanguage\":\"fr-FR\",\"@id\":\"https:\/\/walch-recycling.com\/#\/schema\/logo\/image\/\",\"url\":\"https:\/\/walch-recycling.com\/wp-content\/uploads\/2024\/05\/walch-recycling-logo_sm.svg\",\"contentUrl\":\"https:\/\/walch-recycling.com\/wp-content\/uploads\/2024\/05\/walch-recycling-logo_sm.svg\",\"width\":91,\"height\":66,\"caption\":\"Lars Walch GmbH & Co. KG\"},\"image\":{\"@id\":\"https:\/\/walch-recycling.com\/#\/schema\/logo\/image\/\"},\"sameAs\":[\"https:\/\/www.linkedin.com\/company\/walchrecycling\/\",\"https:\/\/www.youtube.com\/channel\/UCy6VNhi3OHnjeClBw2_juVQ\"]}]}<\/script>\n<!-- \/ Yoast SEO plugin. -->","yoast_head_json":{"title":"Blog | WALCH Recycling","robots":{"index":"index","follow":"follow","max-snippet":"max-snippet:-1","max-image-preview":"max-image-preview:large","max-video-preview":"max-video-preview:-1"},"canonical":"https:\/\/walch-recycling.com\/fr\/blog\/","og_locale":"fr_FR","og_type":"article","og_title":"Blog | WALCH Recycling","og_url":"https:\/\/walch-recycling.com\/fr\/blog\/","og_site_name":"WALCH Recycling","article_modified_time":"2024-07-29T07:31:52+00:00","og_image":[{"width":1200,"height":801,"url":"https:\/\/walch-recycling.com\/wp-content\/uploads\/2024\/04\/walch-recycling-familienbetrieb.jpg","type":"image\/jpeg"}],"twitter_card":"summary_large_image","twitter_misc":{"Dur\u00e9e de lecture estim\u00e9e":"9 minutes"},"schema":{"@context":"https:\/\/schema.org","@graph":[{"@type":"WebPage","@id":"https:\/\/walch-recycling.com\/fr\/blog\/","url":"https:\/\/walch-recycling.com\/fr\/blog\/","name":"Blog | WALCH Recycling","isPartOf":{"@id":"https:\/\/walch-recycling.com\/#website"},"datePublished":"2024-07-03T13:51:44+00:00","dateModified":"2024-07-29T07:31:52+00:00","breadcrumb":{"@id":"https:\/\/walch-recycling.com\/fr\/blog\/#breadcrumb"},"inLanguage":"fr-FR","potentialAction":[{"@type":"ReadAction","target":["https:\/\/walch-recycling.com\/fr\/blog\/"]}]},{"@type":"BreadcrumbList","@id":"https:\/\/walch-recycling.com\/fr\/blog\/#breadcrumb","itemListElement":[{"@type":"ListItem","position":1,"name":"Startseite","item":"https:\/\/walch-recycling.com\/fr\/"},{"@type":"ListItem","position":2,"name":"Blog"}]},{"@type":"WebSite","@id":"https:\/\/walch-recycling.com\/#website","url":"https:\/\/walch-recycling.com\/","name":"WALCH Recycling","description":"","publisher":{"@id":"https:\/\/walch-recycling.com\/#organization"},"potentialAction":[{"@type":"SearchAction","target":{"@type":"EntryPoint","urlTemplate":"https:\/\/walch-recycling.com\/?s={search_term_string}"},"query-input":{"@type":"PropertyValueSpecification","valueRequired":true,"valueName":"search_term_string"}}],"inLanguage":"fr-FR"},{"@type":"Organization","@id":"https:\/\/walch-recycling.com\/#organization","name":"Lars Walch GmbH & Co. KG","url":"https:\/\/walch-recycling.com\/","logo":{"@type":"ImageObject","inLanguage":"fr-FR","@id":"https:\/\/walch-recycling.com\/#\/schema\/logo\/image\/","url":"https:\/\/walch-recycling.com\/wp-content\/uploads\/2024\/05\/walch-recycling-logo_sm.svg","contentUrl":"https:\/\/walch-recycling.com\/wp-content\/uploads\/2024\/05\/walch-recycling-logo_sm.svg","width":91,"height":66,"caption":"Lars Walch GmbH & Co. KG"},"image":{"@id":"https:\/\/walch-recycling.com\/#\/schema\/logo\/image\/"},"sameAs":["https:\/\/www.linkedin.com\/company\/walchrecycling\/","https:\/\/www.youtube.com\/channel\/UCy6VNhi3OHnjeClBw2_juVQ"]}]}},"_links":{"self":[{"href":"https:\/\/walch-recycling.com\/fr\/wp-json\/wp\/v2\/pages\/1640","targetHints":{"allow":["GET"]}}],"collection":[{"href":"https:\/\/walch-recycling.com\/fr\/wp-json\/wp\/v2\/pages"}],"about":[{"href":"https:\/\/walch-recycling.com\/fr\/wp-json\/wp\/v2\/types\/page"}],"author":[{"embeddable":true,"href":"https:\/\/walch-recycling.com\/fr\/wp-json\/wp\/v2\/users\/1"}],"replies":[{"embeddable":true,"href":"https:\/\/walch-recycling.com\/fr\/wp-json\/wp\/v2\/comments?post=1640"}],"version-history":[{"count":12,"href":"https:\/\/walch-recycling.com\/fr\/wp-json\/wp\/v2\/pages\/1640\/revisions"}],"predecessor-version":[{"id":2314,"href":"https:\/\/walch-recycling.com\/fr\/wp-json\/wp\/v2\/pages\/1640\/revisions\/2314"}],"wp:attachment":[{"href":"https:\/\/walch-recycling.com\/fr\/wp-json\/wp\/v2\/media?parent=1640"}],"curies":[{"name":"wp","href":"https:\/\/api.w.org\/{rel}","templated":true}]}}